{"id":101,"date":"2015-06-24T21:31:48","date_gmt":"2015-06-24T19:31:48","guid":{"rendered":"http:\/\/schwerhoerige-bamberg.de\/?page_id=101"},"modified":"2015-11-03T09:39:27","modified_gmt":"2015-11-03T08:39:27","slug":"preis-initiative-des-jahres-2010","status":"publish","type":"page","link":"https:\/\/schwerhoerige-bamberg.de\/?page_id=101","title":{"rendered":"Preis &#8222;Initiative des Jahres 2010&#8220;"},"content":{"rendered":"<h2 style=\"text-align: justify;\"><strong>Die Deutsche Cochlear Implant Gesellschaft e.V. verlieh unserer Selbsthilfegruppe OhrRing als Anerkennung f\u00fcr die Bem\u00fchungen um die Einrichtung m\u00f6glichst vieler induktiven H\u00f6ranlagen in Bamberg  den Titel <\/strong><strong>&#8222;Initiative des Jahres 2010&#8220;.<\/strong><\/h2>\n<p><strong> <\/strong><\/p>\n<p style=\"text-align: justify;\">Allt\u00e4gliche Erfahrung von uns schwerh\u00f6rigen Menschen: Mit der modernsten Technik im und am Ohr sitze ich in einem gro\u00dfen Vortragsraum oder in einer m\u00e4chtigen Kirche und freue mich auf den Beginn der angek\u00fcndigten Veranstaltung. Kaum verhallen aber die ersten S\u00e4tze, erwischt mich eiskalt die bittere Erkenntnis: Ich verstehe bestenfalls nur Wortfetzen davon, was da gesprochen wird. Durch das herk\u00f6mmliche Mikrofon kann ich die Sprache nur verzerrt wahr nehmen. Die langen \u00dcbertragungswege und Hintergrundger\u00e4usche machen mir ein Sprachverst\u00e4ndnis trotz gr\u00f6\u00dfter Anstrengung nicht m\u00f6glich. Inmitten der lauschenden Gemeinschaft der Zuh\u00f6renden f\u00fchle ich mich ausgeschlossen, einsam und entt\u00e4uscht. Ich geH\u00d6RE nicht dazu. Meine unsichtbare Behinderung isoliert mich mit strenger Unerbittlichkeit.<\/p>\n<p style=\"text-align: justify;\">Mitglieder der Selbsthilfegruppe OhrRing wollten sich mit dieser Situation nicht abfinden. Die 2006 gegr\u00fcndete Selbsthilfegruppe machte sich mit Gruppensprecherin Margit Gamberoni auf den Weg, sich geH\u00d6R zu verschaffen.<\/p>\n<p style=\"text-align: justify;\">Auf Anregung der Behindertenbeauftragten Frau Nicole Orf erstellte unsere Gruppe zun\u00e4chst eine Bedarfliste. In dieser f\u00fchrten wir an, wo wir uns in Bamberg induktive H\u00f6ranlagen w\u00fcnschten und setzten dabei auch Priorit\u00e4ten. Auch trugen wir zusammen, in welchen st\u00e4dtischen Einrichtungen unserem Wissen nach bereits an Schwerh\u00f6rige gedacht wurde und boten an, diese Anlagen als Betroffene zu \u00fcberpr\u00fcfen.<\/p>\n<p class=\"MsoNormal\" style=\"text-align: justify;\">\n<p style=\"text-align: justify;\">Nachdem der Etat der Behindertenbeauftragten aufgestockt wurde, fasste Frau Orf die Verlegung von induktiven H\u00f6ranlagen als vorrangigen Schwerpunkt f\u00fcr die Jahre 2009 und 2010 ins Auge. Zahlreiche st\u00e4dtische Beh\u00f6rden und Einrichtungen (z.B. alle 5 Schreibtische der Infothek im Rathaus, die Kfz-Zulassungsstelle, das Standesamt, das Fremdenverkehrsamt, der Trauungssaal und der Vortragsraum der St\u00e4dtischen Volkshochschule) erhielten eine Induktionsschleife.<\/p>\n<p style=\"text-align: justify;\">Das E.T.A.-Hofmann-Theater erhielt eine Infrarotanlage und induktive Empf\u00e4nger f\u00fcr h\u00f6rgesch\u00e4digte Theaterbesucher. Die Bamberger Selbsthilfegruppe testete mehrmals sowohl das fr\u00fchere, f\u00fcr mittel- und hochgradig h\u00f6rgesch\u00e4digte Zuschauer v\u00f6llig unzul\u00e4ngliche Angebot (Kinnb\u00fcgel, nur f\u00fcr leicht H\u00f6rgesch\u00e4digte geeignet), als auch die neue Anlage und protokollierte das Ergebnis. In Zusammenarbeit mit der Gruppe wurden Hinweisschilder entworfen , die bereits an der Kasse die Betroffenen auf die H\u00f6ranlage aufmerksam machen.<\/p>\n<p style=\"text-align: justify;\">In der Konzert- und Kongresshalle wurden auf unsere Anregung hin beide gro\u00dfen S\u00e4le mit einer Infrarotanlage ausger\u00fcstet. Wir gingen alle Reihen ab und testeten von jedem Platz aus die Qualit\u00e4t der neuen Anlage.<\/p>\n<p class=\"MsoNormal\" style=\"text-align: justify;\">\n<p style=\"text-align: justify;\">Auch der Betreiber des Odeon-Kinos erf\u00fcllte unseren Wunsch und lie\u00df im Saal 1 eine Induktionsschleife legen.<\/p>\n<p style=\"text-align: justify;\">Die Universit\u00e4t Bamberg verf\u00fcgt bis jetzt (Stand Februar 2011) in keinem einzigen Vorlesungs- und Seminarraum \u00fcber eine induktive H\u00f6ranlage. Wir hoffen, dass die Zusage f\u00fcr die schrittweise Nachr\u00fcstung bald umgesetzt wird und damit die gegenw\u00e4rtig sehr schwierigen Studienbedingungen f\u00fcr h\u00f6rgesch\u00e4digte Studenten und Studentinnen erleichtert werden.<\/p>\n<p style=\"text-align: justify;\">In den Kirchen beider Konfessionen scheint die finanzielle Notlage gegenw\u00e4rtig nur einen engen Handlungsspielraum f\u00fcr den Abbau von Barrieren zuzulassen. Als positives Beispiel f\u00fcr aktuelle Nachr\u00fcstung mit einer induktiven H\u00f6ranlage sind in Bamberg die evangelische Auferstehungskirche und die katholische Pfarrkirche St. Heinrich zu erw\u00e4hnen. In der Auferstehungskirche ist der allzu schwache Verst\u00e4rker ausgetauscht worden und die St. Heinrichskirche hat unsere Bitten erh\u00f6rt und bei der neuen Beschallungsanlage einen Bankblock mit einer Induktionsschleife versehen. Beide Anlagen vermitteln nun eine hervorragende Klangqualit\u00e4t. Pater Gerhard reparierte die Induktionsanlage der Karmelitenkirche St. Theodor wiederholt eigenh\u00e4ndig, nachdem wir ihm eine St\u00f6rung vermeldeten. Leider m\u00fcssen die h\u00f6rbehinderten Gottesdienstbesucher der gro\u00dfen innerst\u00e4dtischen Kirche St. Martin nach wie vor auf die Instandsetzung der induktiven H\u00f6ranlage warten, denn hier wurde unser Anliegen nicht erh\u00f6rt.<\/p>\n<p style=\"text-align: justify;\">Von den zahlreichen neuen Anlagen sollten die Betroffenen selbst nat\u00fcrlich in Kenntnis gesetzt werden. Ein von uns entworfender und in Zusammenarbeit mit der Behindertenbeauftragten Frau Orf aufgelegter Flyer &#8222;Verzeichnis der induktiven H\u00f6ranlagen f\u00fcr schwerh\u00f6rige Menschen in Bamberg&#8220; informiert \u00fcber das erfreulich reichhaltige Angebot f\u00fcr induktive H\u00f6ranlagen in unserer Stadt.<\/p>\n<p class=\"MsoNormal\" style=\"text-align: justify;\"><strong>Unser ausdr\u00fccklicher Dank gilt an dieser Stelle der Behindertenbeauftragten Frau Nicole Orf, die sich mit dem ihr eigenen einf\u00fchlsamen Verst\u00e4ndnis und mit unersch\u00fctterlichem Engagement f\u00fcr die Bed\u00fcrfnisse aller Behinderten unserer Stadt einsetzt und auch f\u00fcr uns H\u00f6rbehinderte Gro\u00dfartiges verwirklichkt hat.<\/strong><\/p>\n<p class=\"MsoNormal\" style=\"text-align: justify;\">\n<h2 style=\"text-align: justify;\"><strong>Wir freuen uns sehr \u00fcber diese Auszeichnung, die f\u00fcr uns zugleich Ansporn f\u00fcr weiteres Engagement ist.<\/strong><\/h2>\n<p><strong><img decoding=\"async\" style=\"border: 1px solid black;\" src=\"wp-includes\/images\/bilder\/eigene\/selbsthilfe initiative 2010.jpg\" alt=\"\" border=\"0\" \/><br \/>\n<\/strong><\/p>\n","protected":false},"excerpt":{"rendered":"<p>Die Deutsche Cochlear Implant Gesellschaft e.V. verlieh unserer Selbsthilfegruppe OhrRing als Anerkennung f\u00fcr die Bem\u00fchungen um die Einrichtung m\u00f6glichst vieler induktiven H\u00f6ranlagen in Bamberg den Titel &#8222;Initiative des Jahres 2010&#8220;. Allt\u00e4gliche Erfahrung von uns schwerh\u00f6rigen Menschen: Mit der modernsten Technik im und am Ohr sitze ich in einem gro\u00dfen Vortragsraum oder in einer m\u00e4chtigen Kirche und freue mich auf den Beginn der angek\u00fcndigten Veranstaltung. Kaum verhallen aber die ersten S\u00e4tze, erwischt mich eiskalt die bittere Erkenntnis: Ich verstehe bestenfalls nur Wortfetzen davon, was da gesprochen wird. Durch das herk\u00f6mmliche Mikrofon kann ich die Sprache nur verzerrt wahr nehmen. Die langen\u2026<\/p>\n<p> <a class=\"continue-reading-link\" href=\"https:\/\/schwerhoerige-bamberg.de\/?page_id=101\"><span>weiterlesen &#8230;<\/span><i class=\"crycon-right-dir\"><\/i><\/a> <\/p>\n","protected":false},"author":2,"featured_media":0,"parent":0,"menu_order":0,"comment_status":"closed","ping_status":"closed","template":"","meta":{"footnotes":""},"class_list":["post-101","page","type-page","status-publish","hentry"],"_links":{"self":[{"href":"https:\/\/schwerhoerige-bamberg.de\/index.php?rest_route=\/wp\/v2\/pages\/101","targetHints":{"allow":["GET"]}}],"collection":[{"href":"https:\/\/schwerhoerige-bamberg.de\/index.php?rest_route=\/wp\/v2\/pages"}],"about":[{"href":"https:\/\/schwerhoerige-bamberg.de\/index.php?rest_route=\/wp\/v2\/types\/page"}],"author":[{"embeddable":true,"href":"https:\/\/schwerhoerige-bamberg.de\/index.php?rest_route=\/wp\/v2\/users\/2"}],"replies":[{"embeddable":true,"href":"https:\/\/schwerhoerige-bamberg.de\/index.php?rest_route=%2Fwp%2Fv2%2Fcomments&post=101"}],"version-history":[{"count":1,"href":"https:\/\/schwerhoerige-bamberg.de\/index.php?rest_route=\/wp\/v2\/pages\/101\/revisions"}],"predecessor-version":[{"id":102,"href":"https:\/\/schwerhoerige-bamberg.de\/index.php?rest_route=\/wp\/v2\/pages\/101\/revisions\/102"}],"wp:attachment":[{"href":"https:\/\/schwerhoerige-bamberg.de\/index.php?rest_route=%2Fwp%2Fv2%2Fmedia&parent=101"}],"curies":[{"name":"wp","href":"https:\/\/api.w.org\/{rel}","templated":true}]}}