{"id":107,"date":"2015-06-24T21:37:10","date_gmt":"2015-06-24T19:37:10","guid":{"rendered":"http:\/\/schwerhoerige-bamberg.de\/?page_id=107"},"modified":"2019-03-14T12:05:25","modified_gmt":"2019-03-14T11:05:25","slug":"induktive-hoeranlagen-in-bamberg","status":"publish","type":"page","link":"https:\/\/schwerhoerige-bamberg.de\/?page_id=107","title":{"rendered":"Induktive H\u00f6ranlagen in Bamberg"},"content":{"rendered":"<h1>Induktive H\u00f6ranlagen in Bamberg<\/h1>\n<h2>St\u00e4dtische Einrichtungen:<\/h2>\n<ul>\n<li>B\u00fcro des Oberb\u00fcrgermeisters<\/li>\n<li>Infothek im Rathaus Maxplatz<\/li>\n<li>Standesamt, Urkundenabholung und Trauungssaal, Rathaus Maxplatz<\/li>\n<li>B\u00fcro der Behindertenbeauftragten, Rathaus Maxplatz<\/li>\n<li>Einwohnermeldeamt, Kasse, Rathaus Maxplatz<\/li>\n<li>Gro\u00dfer Sitzungssaal im Rathaus Maxplatz<\/li>\n<li>B\u00fcro der Seniorenbeauftragten, Rathaus Geyersw\u00f6rth<\/li>\n<li>VHS B\u00fcro Anmeldung, Tr\u00e4nkgasse<\/li>\n<li>VHS, mobile FM-Anlage f\u00fcr F\u00fchrungen und Kurse<\/li>\n<li>Kfz-Zulassung, Moosstr.<\/li>\n<li>Bauberatung, Baureferat, Obere Sandstra\u00dfe<\/li>\n<li>Tourismus &amp; Kongress Service, Geyersw\u00f6rthstr. 5, Kundenschalter vorne<\/li>\n<li>Tourismus &amp; Kongress Service: Mobile FM-Anlage f\u00fcr F\u00fchrungen<\/li>\n<li>Stadtarchiv, Vortragsraum, Untere Sandstr. 30 a<\/li>\n<li>Spiegelsaal der Harmonie, E.T.A.-Hoffmann-Platz 1<\/li>\n<li>Stadtb\u00fccherei, Ausleih- und Auskunftstheken, Vortragssaal<\/li>\n<\/ul>\n<h2>Landratsamt Bamberg:<\/h2>\n<ul>\n<li>Gro\u00dfer Sitzungssaal (nicht auf der Zuschauerempore)<\/li>\n<li>Infothek, die FM-Anlage steht auch f\u00fcr F\u00fchrungen und Kurse der Volkshochschule Bamberg Land zur Verf\u00fcgung<\/li>\n<\/ul>\n<h2 class=\"MsoNormal\"><strong><span style=\"font-size: 14.0pt; mso-bidi-font-size: 11.0pt;\">Sozialstiftung Bamberg:<\/span><\/strong><\/h2>\n<ul style=\"margin-top: 0cm;\" type=\"disc\">\n<li class=\"MsoNormal\" style=\"mso-list: l0 level1 lfo1;\"><span style=\"mso-bidi-font-weight: normal;\"><span style=\"font-size: 12.0pt; mso-bidi-font-size: 11.0pt;\">Klinikum am Bruderwald:<\/span><\/span> Veranstaltungsraum \u201eResidenz\u201c und Hauskapelle, <em style=\"mso-bidi-font-style: normal;\"> Buger Str. 80<\/em><\/li>\n<\/ul>\n<ul style=\"margin-top: 0cm;\" type=\"disc\">\n<li class=\"MsoNormal\" style=\"mso-list: l0 level1 lfo1;\"><span style=\"mso-bidi-font-weight: normal;\"><span style=\"font-size: 12.0pt; mso-bidi-font-size: 11.0pt;\">Klinikum am Michelsberg<\/span><\/span><span style=\"font-size: 12.0pt; mso-bidi-font-size: 11.0pt;\">:<\/span> Hauskapelle, <em>St.-Getreu-Str. 14-18<\/em><\/li>\n<\/ul>\n<h2>Universit\u00e4t Bamberg:<\/h2>\n<ul>\n<li>Dominikanerbau, Aula, <em>Dominikanerstr. 2a<\/em><\/li>\n<li>U5, Raum 00.24, H\u00f6rsaal, <em>An der Universit\u00e4t 5<\/em><\/li>\n<li>MG1\/00.04, H\u00f6rsaal, <em>Markusstra\u00dfe 8a<\/em><\/li>\n<li>MG1\/02.05, Seminarraum, <em>Markusstr. 8a<\/em><\/li>\n<li>MG1\/02.06, Seminarraum, <em>Markusstr. 8a<\/em><\/li>\n<li>MG1\/02.09, Seminarraum, <em>Markusstr. 8a<\/em><\/li>\n<li>MG2\/00.10, Seminarraum, <em>Markusstr. 8a<\/em><\/li>\n<li>MG2\/01.10, Seminarraum, <em>Markusstr. 8a<\/em><\/li>\n<li>MG2\/02.09 Seminarraum, <em>Markusstr. 8a<\/em><\/li>\n<li>MG2\/02.10 Seminarraum, <em>Markusstr. 8a<\/em><\/li>\n<li>00.019, H\u00f6rsaal, <em>An der Weberei 5<\/em><\/li>\n<li>00.022, H\u00f6rsaal, <em>An der Weberei 5<\/em><\/li>\n<li>00.13, H\u00f6rsaal,<em> Schillerplatz 17<\/em><\/li>\n<\/ul>\n<h2 class=\"MsoNormal\"><span style=\"mso-bidi-font-style: normal;\">Veranstaltungsorte:<\/span><em style=\"mso-bidi-font-style: normal;\"><br \/>\n<\/em><\/h2>\n<ul>\n<li>Internationales K\u00fcnstlerhaus &#8222;Villa Concordia&#8220;, Vortragssaal<\/li>\n<li>Konzert- &amp; Kongresshalle (Hegelsaal, Keilberthsaal) &gt; Ausleihe induktiver Empf\u00e4nger gegen Pfand in der Eingangshalle<\/li>\n<li>E.T.A. Hoffmann-Theater, Gro\u00dfes Haus<\/li>\n<li>Volkshochschule, Gro\u00dfer Saal<\/li>\n<li>Odeon-Kino, Saal 1<\/li>\n<\/ul>\n<h2>Kirchen, katholisch:<\/h2>\n<ul>\n<li>St. Anna, Bankblock laut Beschilderung am Eingang<\/li>\n<li>Dom St. Peter und St. Georg<\/li>\n<li>St. Gangolf<\/li>\n<li>Heinrichskirche, Bankblock rechts vorne<\/li>\n<li>St. Josef, Gaustadt<\/li>\n<li>Karmelitenkirche St. Theodor, im linken Bankblock<\/li>\n<li>St. Kunigund<\/li>\n<li>Kapelle am F\u00f6rderzentrum Schwerpunkt H\u00f6ren, Oberer Stephansberg 44<\/li>\n<li>Maria Hilf, Wunderburg<\/li>\n<li>Obere Pfarre (links)<\/li>\n<li>St. Otto (einige Bankreihen)<\/li>\n<li>St. Urban<\/li>\n<li>St. Wolfgang, Mittlerer Bankblock 1.-6. Reihe<\/li>\n<\/ul>\n<h2>Kirchen, evangelisch:<\/h2>\n<ul>\n<li>Auferstehungskirche im linken Block<\/li>\n<li>Erl\u00f6serkirche<\/li>\n<li>St. Matth\u00e4us<\/li>\n<li>St. Sephan, mittlerer Bankblock<\/li>\n<\/ul>\n<h2>Israelitische Kultusgemeinde &#8222;Or Chajim&#8220;:<\/h2>\n<ul>\n<li>FM-Anlae zum mobilen Einsatz in Synagoge, Willy-Lessing-Saal und Lehrhaus<\/li>\n<\/ul>\n<h2>Sonstiges:<\/h2>\n<ul>\n<li>Friedhof, Aussegnungshalle, Hallstadter Str.<\/li>\n<li>Friedhofsamt, mobile FM-Anlage f\u00fcr Beerdigungen<\/li>\n<li>Internationales K\u00fcnstlerhaus Villa Concordia<\/li>\n<li>Klemens-Fink-Zentrum: Turnhalle, Sprechzimmer, Lokal<\/li>\n<li>Von-Lerchenfeldschule\/ F\u00f6rderschule f\u00fcr H\u00f6rgesch\u00e4digte: Aula<\/li>\n<\/ul>\n","protected":false},"excerpt":{"rendered":"<p>Induktive H\u00f6ranlagen in Bamberg St\u00e4dtische Einrichtungen: B\u00fcro des Oberb\u00fcrgermeisters Infothek im Rathaus Maxplatz Standesamt, Urkundenabholung und Trauungssaal, Rathaus Maxplatz B\u00fcro der Behindertenbeauftragten, Rathaus Maxplatz Einwohnermeldeamt, Kasse, Rathaus Maxplatz Gro\u00dfer Sitzungssaal im Rathaus Maxplatz B\u00fcro der Seniorenbeauftragten, Rathaus Geyersw\u00f6rth VHS B\u00fcro Anmeldung, Tr\u00e4nkgasse VHS, mobile FM-Anlage f\u00fcr F\u00fchrungen und Kurse Kfz-Zulassung, Moosstr. Bauberatung, Baureferat, Obere Sandstra\u00dfe Tourismus &amp; Kongress Service, Geyersw\u00f6rthstr. 5, Kundenschalter vorne Tourismus &amp; Kongress Service: Mobile FM-Anlage f\u00fcr F\u00fchrungen Stadtarchiv, Vortragsraum, Untere Sandstr. 30 a Spiegelsaal der Harmonie, E.T.A.-Hoffmann-Platz 1 Stadtb\u00fccherei, Ausleih- und Auskunftstheken, Vortragssaal Landratsamt Bamberg: Gro\u00dfer Sitzungssaal (nicht auf der Zuschauerempore) Infothek, die FM-Anlage steht auch\u2026<\/p>\n<p> <a class=\"continue-reading-link\" href=\"https:\/\/schwerhoerige-bamberg.de\/?page_id=107\"><span>weiterlesen &#8230;<\/span><i class=\"crycon-right-dir\"><\/i><\/a> <\/p>\n","protected":false},"author":2,"featured_media":0,"parent":0,"menu_order":0,"comment_status":"closed","ping_status":"closed","template":"","meta":{"footnotes":""},"class_list":["post-107","page","type-page","status-publish","hentry"],"_links":{"self":[{"href":"https:\/\/schwerhoerige-bamberg.de\/index.php?rest_route=\/wp\/v2\/pages\/107","targetHints":{"allow":["GET"]}}],"collection":[{"href":"https:\/\/schwerhoerige-bamberg.de\/index.php?rest_route=\/wp\/v2\/pages"}],"about":[{"href":"https:\/\/schwerhoerige-bamberg.de\/index.php?rest_route=\/wp\/v2\/types\/page"}],"author":[{"embeddable":true,"href":"https:\/\/schwerhoerige-bamberg.de\/index.php?rest_route=\/wp\/v2\/users\/2"}],"replies":[{"embeddable":true,"href":"https:\/\/schwerhoerige-bamberg.de\/index.php?rest_route=%2Fwp%2Fv2%2Fcomments&post=107"}],"version-history":[{"count":8,"href":"https:\/\/schwerhoerige-bamberg.de\/index.php?rest_route=\/wp\/v2\/pages\/107\/revisions"}],"predecessor-version":[{"id":929,"href":"https:\/\/schwerhoerige-bamberg.de\/index.php?rest_route=\/wp\/v2\/pages\/107\/revisions\/929"}],"wp:attachment":[{"href":"https:\/\/schwerhoerige-bamberg.de\/index.php?rest_route=%2Fwp%2Fv2%2Fmedia&parent=107"}],"curies":[{"name":"wp","href":"https:\/\/api.w.org\/{rel}","templated":true}]}}