{"id":110,"date":"2015-06-29T12:38:41","date_gmt":"2015-06-29T10:38:41","guid":{"rendered":"http:\/\/schwerhoerige-bamberg.de\/?page_id=110"},"modified":"2026-04-11T12:21:30","modified_gmt":"2026-04-11T10:21:30","slug":"herzlich-willkommen","status":"publish","type":"page","link":"https:\/\/schwerhoerige-bamberg.de\/","title":{"rendered":"Herzlich Willkommen"},"content":{"rendered":"<h3 style=\"text-align: center;\">Willkommen bei der Selbsthilfegruppe f\u00fcr Schwerh\u00f6rige und CI-Tr\u00e4ger OhrRing Bamberg.<\/h3>\n<p style=\"text-align: center;\"><img loading=\"lazy\" decoding=\"async\" class=\"alignnone wp-image-850\" src=\"http:\/\/schwerhoerige-bamberg.de\/wp-content\/uploads\/2018\/07\/DSCF0844-Kopie-1-300x101.jpg\" alt=\"\" width=\"747\" height=\"251\" srcset=\"https:\/\/schwerhoerige-bamberg.de\/wp-content\/uploads\/2018\/07\/DSCF0844-Kopie-1-300x101.jpg 300w, https:\/\/schwerhoerige-bamberg.de\/wp-content\/uploads\/2018\/07\/DSCF0844-Kopie-1-768x258.jpg 768w, https:\/\/schwerhoerige-bamberg.de\/wp-content\/uploads\/2018\/07\/DSCF0844-Kopie-1-644x217.jpg 644w, https:\/\/schwerhoerige-bamberg.de\/wp-content\/uploads\/2018\/07\/DSCF0844-Kopie-1-150x50.jpg 150w\" sizes=\"auto, (max-width: 747px) 100vw, 747px\" \/><\/p>\n<h1><\/h1>\n<h1 style=\"text-align: center;\">Unser n\u00e4chster Gruppentreff findet am<\/h1>\n<h1 style=\"text-align: center;\"><strong><span style=\"color: #ff0000;\">Mittwoch, 13. Mai 2026, 17.30 Uhr<\/span><\/strong><\/h1>\n<h1 style=\"text-align: center;\">im Klemens-Fink-Zentrum,<\/h1>\n<h1 style=\"text-align: center;\">Bamberg, Babenberger Ring 1 statt.<\/h1>\n<p>&nbsp;<\/p>\n<h3 style=\"text-align: center;\">Am <strong><span style=\"color: #ff0000;\">25. April 2026<\/span><\/strong> feiern wir unser 20-j\u00e4hriges <a href=\"https:\/\/schwerhoerige-bamberg.de\/wp-content\/uploads\/2026\/02\/Flyer-Jubilaeum.pdf\">Jubil\u00e4um<\/a>.<\/h3>\n<h2 style=\"text-align: center;\"><\/h2>\n<p>&nbsp;<\/p>\n<p><img loading=\"lazy\" decoding=\"async\" class=\"alignnone wp-image-855 aligncenter\" src=\"http:\/\/schwerhoerige-bamberg.de\/wp-content\/uploads\/2018\/07\/DSCF0838-1-300x169.jpg\" alt=\"\" width=\"699\" height=\"394\" srcset=\"https:\/\/schwerhoerige-bamberg.de\/wp-content\/uploads\/2018\/07\/DSCF0838-1-300x169.jpg 300w, https:\/\/schwerhoerige-bamberg.de\/wp-content\/uploads\/2018\/07\/DSCF0838-1-768x432.jpg 768w, https:\/\/schwerhoerige-bamberg.de\/wp-content\/uploads\/2018\/07\/DSCF0838-1-644x362.jpg 644w, https:\/\/schwerhoerige-bamberg.de\/wp-content\/uploads\/2018\/07\/DSCF0838-1-150x84.jpg 150w\" sizes=\"auto, (max-width: 699px) 100vw, 699px\" \/><\/p>\n<h3 style=\"text-align: center;\"><strong><span style=\"color: #339966;\">\u00a0<\/span><\/strong><\/h3>\n<h4 style=\"text-align: center;\"><\/h4>\n<h3 style=\"text-align: center;\"><span style=\"color: #339966;\">\u00a0<\/span><\/h3>\n<h2 style=\"text-align: center;\"><span style=\"color: #339966;\">\u00a0<\/span><\/h2>\n<h3 style=\"text-align: center;\"><\/h3>\n<h3 style=\"text-align: center;\"><\/h3>\n<p style=\"text-align: center;\"><span style=\"color: #993366;\"><strong>\u00a0<\/strong><\/span><\/p>\n","protected":false},"excerpt":{"rendered":"<p>Willkommen bei der Selbsthilfegruppe f\u00fcr Schwerh\u00f6rige und CI-Tr\u00e4ger OhrRing Bamberg. Unser n\u00e4chster Gruppentreff findet am Mittwoch, 13. Mai 2026, 17.30 Uhr im Klemens-Fink-Zentrum, Bamberg, Babenberger Ring 1 statt. &nbsp; Am 25. April 2026 feiern wir unser 20-j\u00e4hriges Jubil\u00e4um. &nbsp; \u00a0 \u00a0 \u00a0 \u00a0<\/p>\n<p> <a class=\"continue-reading-link\" href=\"https:\/\/schwerhoerige-bamberg.de\/\"><span>weiterlesen &#8230;<\/span><i class=\"crycon-right-dir\"><\/i><\/a> <\/p>\n","protected":false},"author":2,"featured_media":0,"parent":0,"menu_order":0,"comment_status":"closed","ping_status":"closed","template":"","meta":{"footnotes":""},"class_list":["post-110","page","type-page","status-publish","hentry"],"_links":{"self":[{"href":"https:\/\/schwerhoerige-bamberg.de\/index.php?rest_route=\/wp\/v2\/pages\/110","targetHints":{"allow":["GET"]}}],"collection":[{"href":"https:\/\/schwerhoerige-bamberg.de\/index.php?rest_route=\/wp\/v2\/pages"}],"about":[{"href":"https:\/\/schwerhoerige-bamberg.de\/index.php?rest_route=\/wp\/v2\/types\/page"}],"author":[{"embeddable":true,"href":"https:\/\/schwerhoerige-bamberg.de\/index.php?rest_route=\/wp\/v2\/users\/2"}],"replies":[{"embeddable":true,"href":"https:\/\/schwerhoerige-bamberg.de\/index.php?rest_route=%2Fwp%2Fv2%2Fcomments&post=110"}],"version-history":[{"count":164,"href":"https:\/\/schwerhoerige-bamberg.de\/index.php?rest_route=\/wp\/v2\/pages\/110\/revisions"}],"predecessor-version":[{"id":1449,"href":"https:\/\/schwerhoerige-bamberg.de\/index.php?rest_route=\/wp\/v2\/pages\/110\/revisions\/1449"}],"wp:attachment":[{"href":"https:\/\/schwerhoerige-bamberg.de\/index.php?rest_route=%2Fwp%2Fv2%2Fmedia&parent=110"}],"curies":[{"name":"wp","href":"https:\/\/api.w.org\/{rel}","templated":true}]}}