{"id":118,"date":"2015-08-13T20:47:26","date_gmt":"2015-08-13T18:47:26","guid":{"rendered":"http:\/\/schwerhoerige-bamberg.de\/?page_id=118"},"modified":"2015-11-03T09:39:27","modified_gmt":"2015-11-03T08:39:27","slug":"ueber-unsere-gruppe","status":"publish","type":"page","link":"https:\/\/schwerhoerige-bamberg.de\/?page_id=118","title":{"rendered":"\u00dcber unsere Gruppe"},"content":{"rendered":"<h3>Wir sind &#8230;<\/h3>\n<p>eine Selbsthilfegruppe, die 2006 ins Leben gerufen wurde. Jeder von uns ist durch die Schwerh\u00f6rigkeit betroffen.<\/p>\n<p>Wir m\u00f6chten Anlaufstelle sein f\u00fcr Schwerh\u00f6rige und CI-Tr\u00e4ger, die lernen wollen, aktiv mit der Behinderung umzugehen. Als Betroffene wollen wir einander helfen, uns mit der H\u00f6rsch\u00e4digung im Alltag und Beruf, in Gesellschaft und Familie zurecht zu finden.<\/p>\n<p><img loading=\"lazy\" decoding=\"async\" class=\"aligncenter wp-image-184 size-full\" src=\"http:\/\/schwerhoerige-bamberg.de\/wp-content\/uploads\/2015\/09\/Plakat-OhrRing-A0_Variante-1.jpg\" alt=\"Plakat OhrRing A0_Variante 1\" width=\"2384\" height=\"3370\" srcset=\"https:\/\/schwerhoerige-bamberg.de\/wp-content\/uploads\/2015\/09\/Plakat-OhrRing-A0_Variante-1.jpg 2384w, https:\/\/schwerhoerige-bamberg.de\/wp-content\/uploads\/2015\/09\/Plakat-OhrRing-A0_Variante-1-212x300.jpg 212w, https:\/\/schwerhoerige-bamberg.de\/wp-content\/uploads\/2015\/09\/Plakat-OhrRing-A0_Variante-1-644x910.jpg 644w\" sizes=\"auto, (max-width: 2384px) 100vw, 2384px\" \/><\/p>\n","protected":false},"excerpt":{"rendered":"<p>Wir sind &#8230; eine Selbsthilfegruppe, die 2006 ins Leben gerufen wurde. Jeder von uns ist durch die Schwerh\u00f6rigkeit betroffen. Wir m\u00f6chten Anlaufstelle sein f\u00fcr Schwerh\u00f6rige und CI-Tr\u00e4ger, die lernen wollen, aktiv mit der Behinderung umzugehen. Als Betroffene wollen wir einander helfen, uns mit der H\u00f6rsch\u00e4digung im Alltag und Beruf, in Gesellschaft und Familie zurecht zu finden.<\/p>\n<p> <a class=\"continue-reading-link\" href=\"https:\/\/schwerhoerige-bamberg.de\/?page_id=118\"><span>weiterlesen &#8230;<\/span><i class=\"crycon-right-dir\"><\/i><\/a> <\/p>\n","protected":false},"author":2,"featured_media":0,"parent":0,"menu_order":0,"comment_status":"closed","ping_status":"closed","template":"","meta":{"footnotes":""},"class_list":["post-118","page","type-page","status-publish","hentry"],"_links":{"self":[{"href":"https:\/\/schwerhoerige-bamberg.de\/index.php?rest_route=\/wp\/v2\/pages\/118","targetHints":{"allow":["GET"]}}],"collection":[{"href":"https:\/\/schwerhoerige-bamberg.de\/index.php?rest_route=\/wp\/v2\/pages"}],"about":[{"href":"https:\/\/schwerhoerige-bamberg.de\/index.php?rest_route=\/wp\/v2\/types\/page"}],"author":[{"embeddable":true,"href":"https:\/\/schwerhoerige-bamberg.de\/index.php?rest_route=\/wp\/v2\/users\/2"}],"replies":[{"embeddable":true,"href":"https:\/\/schwerhoerige-bamberg.de\/index.php?rest_route=%2Fwp%2Fv2%2Fcomments&post=118"}],"version-history":[{"count":13,"href":"https:\/\/schwerhoerige-bamberg.de\/index.php?rest_route=\/wp\/v2\/pages\/118\/revisions"}],"predecessor-version":[{"id":304,"href":"https:\/\/schwerhoerige-bamberg.de\/index.php?rest_route=\/wp\/v2\/pages\/118\/revisions\/304"}],"wp:attachment":[{"href":"https:\/\/schwerhoerige-bamberg.de\/index.php?rest_route=%2Fwp%2Fv2%2Fmedia&parent=118"}],"curies":[{"name":"wp","href":"https:\/\/api.w.org\/{rel}","templated":true}]}}