{"id":127,"date":"2015-08-13T21:01:43","date_gmt":"2015-08-13T19:01:43","guid":{"rendered":"http:\/\/schwerhoerige-bamberg.de\/?page_id=127"},"modified":"2018-04-13T13:41:28","modified_gmt":"2018-04-13T11:41:28","slug":"hoeranlagen","status":"publish","type":"page","link":"https:\/\/schwerhoerige-bamberg.de\/?page_id=127","title":{"rendered":"H\u00f6ranlagen"},"content":{"rendered":"<ul>\n<li><a href=\"http:\/\/schwerhoerige-bamberg.de\/?page_id=291\">wozu induktive H\u00f6ranlagen<\/a><\/li>\n<li><a href=\"http:\/\/schwerhoerige-bamberg.de\/?page_id=107\">Induktive H\u00f6ranlagen in Bamberg<\/a><\/li>\n<li><a href=\"http:\/\/schwerhoerige-bamberg.de\/wp-content\/uploads\/2018\/03\/Induktiv-H\u00f6ren-Flyer_Febr_2018.pdf\">Flyer Induktives H\u00f6ren in Bamberg<\/a><\/li>\n<li><a href=\"http:\/\/schwerhoerige-bamberg.de\/?page_id=96\">Induktive H\u00f6ranlage im Bamberger Dom<\/a><\/li>\n<li><a href=\"http:\/\/schwerhoerige-bamberg.de\/?page_id=143\">Goldene Ringschleife f\u00fcr die Stadt Bamberg<\/a><\/li>\n<li><a href=\"http:\/\/schwerhoerige-bamberg.de\/?page_id=101\">Preis &#8222;Initiative des Jahres 2010&#8220;<\/a><\/li>\n<li>Kirchen mit Induktiven H\u00f6ranlagen im Erzbistum Bamberg<\/li>\n<\/ul>\n","protected":false},"excerpt":{"rendered":"<p>wozu induktive H\u00f6ranlagen Induktive H\u00f6ranlagen in Bamberg Flyer Induktives H\u00f6ren in Bamberg Induktive H\u00f6ranlage im Bamberger Dom Goldene Ringschleife f\u00fcr die Stadt Bamberg Preis &#8222;Initiative des Jahres 2010&#8220; Kirchen mit Induktiven H\u00f6ranlagen im Erzbistum Bamberg<\/p>\n<p> <a class=\"continue-reading-link\" href=\"https:\/\/schwerhoerige-bamberg.de\/?page_id=127\"><span>weiterlesen &#8230;<\/span><i class=\"crycon-right-dir\"><\/i><\/a> <\/p>\n","protected":false},"author":2,"featured_media":0,"parent":0,"menu_order":0,"comment_status":"closed","ping_status":"closed","template":"","meta":{"footnotes":""},"class_list":["post-127","page","type-page","status-publish","hentry"],"_links":{"self":[{"href":"https:\/\/schwerhoerige-bamberg.de\/index.php?rest_route=\/wp\/v2\/pages\/127","targetHints":{"allow":["GET"]}}],"collection":[{"href":"https:\/\/schwerhoerige-bamberg.de\/index.php?rest_route=\/wp\/v2\/pages"}],"about":[{"href":"https:\/\/schwerhoerige-bamberg.de\/index.php?rest_route=\/wp\/v2\/types\/page"}],"author":[{"embeddable":true,"href":"https:\/\/schwerhoerige-bamberg.de\/index.php?rest_route=\/wp\/v2\/users\/2"}],"replies":[{"embeddable":true,"href":"https:\/\/schwerhoerige-bamberg.de\/index.php?rest_route=%2Fwp%2Fv2%2Fcomments&post=127"}],"version-history":[{"count":11,"href":"https:\/\/schwerhoerige-bamberg.de\/index.php?rest_route=\/wp\/v2\/pages\/127\/revisions"}],"predecessor-version":[{"id":805,"href":"https:\/\/schwerhoerige-bamberg.de\/index.php?rest_route=\/wp\/v2\/pages\/127\/revisions\/805"}],"wp:attachment":[{"href":"https:\/\/schwerhoerige-bamberg.de\/index.php?rest_route=%2Fwp%2Fv2%2Fmedia&parent=127"}],"curies":[{"name":"wp","href":"https:\/\/api.w.org\/{rel}","templated":true}]}}