{"id":137,"date":"2015-08-13T21:10:07","date_gmt":"2015-08-13T19:10:07","guid":{"rendered":"http:\/\/schwerhoerige-bamberg.de\/?page_id=137"},"modified":"2018-05-25T21:13:29","modified_gmt":"2018-05-25T19:13:29","slug":"impressum","status":"publish","type":"page","link":"https:\/\/schwerhoerige-bamberg.de\/?page_id=137","title":{"rendered":"Impressum"},"content":{"rendered":"<h2>Selbsthilfegruppe f\u00fcr Schwerh\u00f6rige und Cochlea-Implantat Tr\u00e4ger<\/h2>\n<h4>Ansprechpartnerin:<\/h4>\n<p>Margit Gamberoni<br \/>\nAuf dem Lerchenb\u00fchl 34<br \/>\n96049 Bamberg<br \/>\nTel: 0951\/25359<br \/>\nE-Mail: margit.gamberoni@t-online.de<\/p>\n<p>Diese Homepage wird ehrenamtlich aktualisiert von Sabina Haselbek, Margit Gamberoni und Reiner Hofmann.<\/p>\n<p>&nbsp;<\/p>\n<p>&nbsp;<\/p>\n<h4>Haftungshinweis:<\/h4>\n<p>Trotz sorgf\u00e4ltiger inhaltlicher Kontrolle \u00fcbernehmen wir keine Haftung f\u00fcr die Inhalte externer Links. F\u00fcr den Inhalt der verlinkten Seiten sind ausschlie\u00dflich deren Betreiber verantwortlich.<\/p>\n<p>&nbsp;<\/p>\n","protected":false},"excerpt":{"rendered":"<p>Selbsthilfegruppe f\u00fcr Schwerh\u00f6rige und Cochlea-Implantat Tr\u00e4ger Ansprechpartnerin: Margit Gamberoni Auf dem Lerchenb\u00fchl 34 96049 Bamberg Tel: 0951\/25359 E-Mail: margit.gamberoni@t-online.de Diese Homepage wird ehrenamtlich aktualisiert von Sabina Haselbek, Margit Gamberoni und Reiner Hofmann. &nbsp; &nbsp; Haftungshinweis: Trotz sorgf\u00e4ltiger inhaltlicher Kontrolle \u00fcbernehmen wir keine Haftung f\u00fcr die Inhalte externer Links. F\u00fcr den Inhalt der verlinkten Seiten sind ausschlie\u00dflich deren Betreiber verantwortlich. &nbsp;<\/p>\n<p> <a class=\"continue-reading-link\" href=\"https:\/\/schwerhoerige-bamberg.de\/?page_id=137\"><span>weiterlesen &#8230;<\/span><i class=\"crycon-right-dir\"><\/i><\/a> <\/p>\n","protected":false},"author":2,"featured_media":0,"parent":0,"menu_order":0,"comment_status":"closed","ping_status":"closed","template":"","meta":{"footnotes":""},"class_list":["post-137","page","type-page","status-publish","hentry"],"_links":{"self":[{"href":"https:\/\/schwerhoerige-bamberg.de\/index.php?rest_route=\/wp\/v2\/pages\/137","targetHints":{"allow":["GET"]}}],"collection":[{"href":"https:\/\/schwerhoerige-bamberg.de\/index.php?rest_route=\/wp\/v2\/pages"}],"about":[{"href":"https:\/\/schwerhoerige-bamberg.de\/index.php?rest_route=\/wp\/v2\/types\/page"}],"author":[{"embeddable":true,"href":"https:\/\/schwerhoerige-bamberg.de\/index.php?rest_route=\/wp\/v2\/users\/2"}],"replies":[{"embeddable":true,"href":"https:\/\/schwerhoerige-bamberg.de\/index.php?rest_route=%2Fwp%2Fv2%2Fcomments&post=137"}],"version-history":[{"count":4,"href":"https:\/\/schwerhoerige-bamberg.de\/index.php?rest_route=\/wp\/v2\/pages\/137\/revisions"}],"predecessor-version":[{"id":829,"href":"https:\/\/schwerhoerige-bamberg.de\/index.php?rest_route=\/wp\/v2\/pages\/137\/revisions\/829"}],"wp:attachment":[{"href":"https:\/\/schwerhoerige-bamberg.de\/index.php?rest_route=%2Fwp%2Fv2%2Fmedia&parent=137"}],"curies":[{"name":"wp","href":"https:\/\/api.w.org\/{rel}","templated":true}]}}