{"id":167,"date":"2015-08-25T21:25:24","date_gmt":"2015-08-25T19:25:24","guid":{"rendered":"http:\/\/schwerhoerige-bamberg.de\/?page_id=167"},"modified":"2015-11-03T09:39:27","modified_gmt":"2015-11-03T08:39:27","slug":"links","status":"publish","type":"page","link":"https:\/\/schwerhoerige-bamberg.de\/?page_id=167","title":{"rendered":"Links"},"content":{"rendered":"<p><a href=\"http:\/\/schwerhoerige-bamberg.de\/?page_id=169\">Landes und Dachverb\u00e4nde<\/a><\/p>\n<p><a href=\"http:\/\/schwerhoerige-bamberg.de\/?page_id=173\">Schwerh\u00f6rigengruppen in Bayern<\/a><\/p>\n<p><a href=\"http:\/\/schwerhoerige-bamberg.de\/?page_id=177\">H\u00f6rgesch\u00e4digten-Seelsorge<\/a><\/p>\n","protected":false},"excerpt":{"rendered":"<p>Landes und Dachverb\u00e4nde Schwerh\u00f6rigengruppen in Bayern H\u00f6rgesch\u00e4digten-Seelsorge<\/p>\n<p> <a class=\"continue-reading-link\" href=\"https:\/\/schwerhoerige-bamberg.de\/?page_id=167\"><span>weiterlesen &#8230;<\/span><i class=\"crycon-right-dir\"><\/i><\/a> <\/p>\n","protected":false},"author":2,"featured_media":0,"parent":0,"menu_order":0,"comment_status":"closed","ping_status":"closed","template":"","meta":{"footnotes":""},"class_list":["post-167","page","type-page","status-publish","hentry"],"_links":{"self":[{"href":"https:\/\/schwerhoerige-bamberg.de\/index.php?rest_route=\/wp\/v2\/pages\/167","targetHints":{"allow":["GET"]}}],"collection":[{"href":"https:\/\/schwerhoerige-bamberg.de\/index.php?rest_route=\/wp\/v2\/pages"}],"about":[{"href":"https:\/\/schwerhoerige-bamberg.de\/index.php?rest_route=\/wp\/v2\/types\/page"}],"author":[{"embeddable":true,"href":"https:\/\/schwerhoerige-bamberg.de\/index.php?rest_route=\/wp\/v2\/users\/2"}],"replies":[{"embeddable":true,"href":"https:\/\/schwerhoerige-bamberg.de\/index.php?rest_route=%2Fwp%2Fv2%2Fcomments&post=167"}],"version-history":[{"count":6,"href":"https:\/\/schwerhoerige-bamberg.de\/index.php?rest_route=\/wp\/v2\/pages\/167\/revisions"}],"predecessor-version":[{"id":260,"href":"https:\/\/schwerhoerige-bamberg.de\/index.php?rest_route=\/wp\/v2\/pages\/167\/revisions\/260"}],"wp:attachment":[{"href":"https:\/\/schwerhoerige-bamberg.de\/index.php?rest_route=%2Fwp%2Fv2%2Fmedia&parent=167"}],"curies":[{"name":"wp","href":"https:\/\/api.w.org\/{rel}","templated":true}]}}