{"id":169,"date":"2015-08-25T21:30:27","date_gmt":"2015-08-25T19:30:27","guid":{"rendered":"http:\/\/schwerhoerige-bamberg.de\/?page_id=169"},"modified":"2015-11-03T09:39:27","modified_gmt":"2015-11-03T08:39:27","slug":"landes-und-dachverbaende","status":"publish","type":"page","link":"https:\/\/schwerhoerige-bamberg.de\/?page_id=169","title":{"rendered":"Landes und Dachverb\u00e4nde"},"content":{"rendered":"<p><a href=\"http:\/\/www.schwerhoerigen-netz.de\" target=\"_blank\">Deutscher Schwerh\u00f6rigenbund e. V.<\/a><\/p>\n<p><a href=\"http:\/\/www.schwerhoerige-bayern.de\/\" target=\"_blank\">Landesverband Bayern der Schwerh\u00f6rigen und Ertaubten e. V.<\/a><\/p>\n<p><a href=\"http:\/\/www.hoerbehindertenselbsthilfe.de\/\" target=\"_blank\">Deutsche H\u00f6rbehinderten-Selbsthilfe e. V.<\/a><\/p>\n<p><a href=\"http:\/\/dcig.de\/\" target=\"_blank\">Deutsche Cochlear Implant Gesellschaft e. V.<\/a><\/p>\n<p><a href=\"http:\/\/www.bayciv.de\/\" target=\"_blank\">Bayerischer Cochlear Implant Verband e. V.<\/a><\/p>\n","protected":false},"excerpt":{"rendered":"<p>Deutscher Schwerh\u00f6rigenbund e. V. Landesverband Bayern der Schwerh\u00f6rigen und Ertaubten e. V. Deutsche H\u00f6rbehinderten-Selbsthilfe e. V. Deutsche Cochlear Implant Gesellschaft e. V. Bayerischer Cochlear Implant Verband e. V.<\/p>\n<p> <a class=\"continue-reading-link\" href=\"https:\/\/schwerhoerige-bamberg.de\/?page_id=169\"><span>weiterlesen &#8230;<\/span><i class=\"crycon-right-dir\"><\/i><\/a> <\/p>\n","protected":false},"author":2,"featured_media":0,"parent":0,"menu_order":0,"comment_status":"closed","ping_status":"closed","template":"","meta":{"footnotes":""},"class_list":["post-169","page","type-page","status-publish","hentry"],"_links":{"self":[{"href":"https:\/\/schwerhoerige-bamberg.de\/index.php?rest_route=\/wp\/v2\/pages\/169","targetHints":{"allow":["GET"]}}],"collection":[{"href":"https:\/\/schwerhoerige-bamberg.de\/index.php?rest_route=\/wp\/v2\/pages"}],"about":[{"href":"https:\/\/schwerhoerige-bamberg.de\/index.php?rest_route=\/wp\/v2\/types\/page"}],"author":[{"embeddable":true,"href":"https:\/\/schwerhoerige-bamberg.de\/index.php?rest_route=\/wp\/v2\/users\/2"}],"replies":[{"embeddable":true,"href":"https:\/\/schwerhoerige-bamberg.de\/index.php?rest_route=%2Fwp%2Fv2%2Fcomments&post=169"}],"version-history":[{"count":1,"href":"https:\/\/schwerhoerige-bamberg.de\/index.php?rest_route=\/wp\/v2\/pages\/169\/revisions"}],"predecessor-version":[{"id":170,"href":"https:\/\/schwerhoerige-bamberg.de\/index.php?rest_route=\/wp\/v2\/pages\/169\/revisions\/170"}],"wp:attachment":[{"href":"https:\/\/schwerhoerige-bamberg.de\/index.php?rest_route=%2Fwp%2Fv2%2Fmedia&parent=169"}],"curies":[{"name":"wp","href":"https:\/\/api.w.org\/{rel}","templated":true}]}}