{"id":173,"date":"2015-09-01T20:42:54","date_gmt":"2015-09-01T18:42:54","guid":{"rendered":"http:\/\/schwerhoerige-bamberg.de\/?page_id=173"},"modified":"2015-11-03T09:39:27","modified_gmt":"2015-11-03T08:39:27","slug":"schwerhoerigengruppen-in-bayern","status":"publish","type":"page","link":"https:\/\/schwerhoerige-bamberg.de\/?page_id=173","title":{"rendered":"Schwerh\u00f6rigengruppen in Bayern"},"content":{"rendered":"<p><a href=\"http:\/\/www.schwerhoerige-erlangen.de\/\" target=\"_blank\">Schwerh\u00f6rige Erlangen<\/a><\/p>\n<p><a href=\"http:\/\/www.schwerhoerige-ingolstadt.de\/\" target=\"_blank\">Schwerh\u00f6rige Ingolstadt<\/a><\/p>\n<p><a href=\"http:\/\/www.shv-muenchen.de\/\" target=\"_blank\">SHV M\u00fcnchen<\/a><\/p>\n<p><a href=\"http:\/\/www.schwerhoerige-nuernberg.de\/\" target=\"_blank\">Schwerh\u00f6rige N\u00fcrnberg<\/a><\/p>\n<p><a href=\"http:\/\/www.oehrli-treff.de\/\" target=\"_blank\">\u00d6hrli Treff N\u00fcrnberg<\/a><\/p>\n<p><a href=\"http:\/\/www.hoereltern.de\/cms\/\" target=\"_blank\">H\u00f6reltern Oberfranken<\/a><\/p>\n<p><a href=\"http:\/\/www.schwerhoerigenverein-passau.de\/\" target=\"_blank\">Schwerh\u00f6rigenverein Passau<\/a><\/p>\n<p><a href=\"http:\/\/www.schwerhoerige-regensburg.de\/\" target=\"_blank\">Schwerh\u00f6rige Regensburg<\/a><\/p>\n<p><a href=\"http:\/\/www.schwerhoerige-cham.de\/\" target=\"_blank\">Kontaktgruppe f\u00fcr Schwerh\u00f6rige Cham<\/a><\/p>\n","protected":false},"excerpt":{"rendered":"<p>Schwerh\u00f6rige Erlangen Schwerh\u00f6rige Ingolstadt SHV M\u00fcnchen Schwerh\u00f6rige N\u00fcrnberg \u00d6hrli Treff N\u00fcrnberg H\u00f6reltern Oberfranken Schwerh\u00f6rigenverein Passau Schwerh\u00f6rige Regensburg Kontaktgruppe f\u00fcr Schwerh\u00f6rige Cham<\/p>\n<p> <a class=\"continue-reading-link\" href=\"https:\/\/schwerhoerige-bamberg.de\/?page_id=173\"><span>weiterlesen &#8230;<\/span><i class=\"crycon-right-dir\"><\/i><\/a> <\/p>\n","protected":false},"author":2,"featured_media":0,"parent":0,"menu_order":0,"comment_status":"closed","ping_status":"closed","template":"","meta":{"footnotes":""},"class_list":["post-173","page","type-page","status-publish","hentry"],"_links":{"self":[{"href":"https:\/\/schwerhoerige-bamberg.de\/index.php?rest_route=\/wp\/v2\/pages\/173","targetHints":{"allow":["GET"]}}],"collection":[{"href":"https:\/\/schwerhoerige-bamberg.de\/index.php?rest_route=\/wp\/v2\/pages"}],"about":[{"href":"https:\/\/schwerhoerige-bamberg.de\/index.php?rest_route=\/wp\/v2\/types\/page"}],"author":[{"embeddable":true,"href":"https:\/\/schwerhoerige-bamberg.de\/index.php?rest_route=\/wp\/v2\/users\/2"}],"replies":[{"embeddable":true,"href":"https:\/\/schwerhoerige-bamberg.de\/index.php?rest_route=%2Fwp%2Fv2%2Fcomments&post=173"}],"version-history":[{"count":3,"href":"https:\/\/schwerhoerige-bamberg.de\/index.php?rest_route=\/wp\/v2\/pages\/173\/revisions"}],"predecessor-version":[{"id":314,"href":"https:\/\/schwerhoerige-bamberg.de\/index.php?rest_route=\/wp\/v2\/pages\/173\/revisions\/314"}],"wp:attachment":[{"href":"https:\/\/schwerhoerige-bamberg.de\/index.php?rest_route=%2Fwp%2Fv2%2Fmedia&parent=173"}],"curies":[{"name":"wp","href":"https:\/\/api.w.org\/{rel}","templated":true}]}}