{"id":96,"date":"2015-06-24T21:22:50","date_gmt":"2015-06-24T19:22:50","guid":{"rendered":"http:\/\/schwerhoerige-bamberg.de\/?page_id=96"},"modified":"2015-11-03T09:39:27","modified_gmt":"2015-11-03T08:39:27","slug":"induktive-hoeranlage-im-bamberger-dom","status":"publish","type":"page","link":"https:\/\/schwerhoerige-bamberg.de\/?page_id=96","title":{"rendered":"Induktive H\u00f6ranlage im Bamberger Dom"},"content":{"rendered":"<h1 class=\"MsoNormal\" style=\"text-align: justify;\"><strong><span style=\"font-size: 18pt; line-height: 115%;\">Wir geH\u00f6ren jetzt im Bamberger Dom auch dazu<\/span><\/strong><\/h1>\n<h2 class=\"MsoNormal\" style=\"text-align: justify;\"><strong><span style=\"font-size: 14pt; line-height: 115%;\">H\u00f6rger\u00e4te- und Cochlea Implantat Tr\u00e4ger k\u00f6nnen von nun an Gottesdienste im Bamberger Dom mit induktiver H\u00f6ranlage besser verfolgen<\/span><\/strong><\/h2>\n<p class=\"MsoNormal\" style=\"text-align: justify;\"><span style=\"font-size: 14pt; line-height: 115%;\">Bei den Gottesdiensten im Bamberger Dom k\u00f6rperlich zwar anwesend, aber akustisch vom Geschehen ausgeschlossen zu sein war bis jetzt die schmerzliche Erfahrung der h\u00f6rgesch\u00e4digten Gottesdienstbesucher in der Bamberger Kathedrale. Diese Situation wollten die Mitglieder der Selbsthilfegruppe f\u00fcr Schwerh\u00f6rige und Cochlea Implantat Tr\u00e4ger OhrRing, Bamberg nicht mehr klaglos hinnehmen. Unter Federf\u00fchrung von Gruppensprecherin Margit Gamberoni formierte sich eine Initiative mit dem Ziel, die Verantwortlichen im Erzbistum Bamberg \u00fcber die Bed\u00fcrfnisse von schwerh\u00f6rigen Gl\u00e4ubigen aufzukl\u00e4ren, die Bereitschaft zur Verlegung einer induktiven H\u00f6ranlage im Dom zu wecken und die Nutzung moderner Tontechnik anzuregen. Von den H\u00f6rgesch\u00e4digtenseelsorgern Pater Gerhard F\u00f6rtsch und Pastoralreferent Albin Zeck erhielten die Betroffenen von Anfang an tatkr\u00e4ftige Unterst\u00fctzung. Daf\u00fcr sei auch an dieser Stelle herzlich gedankt.<\/span><\/p>\n<p class=\"MsoNormal\" style=\"text-align: justify;\"><span style=\"font-size: 14pt; line-height: 115%;\">Der Weg, der im Bamberger Dom zum induktiven H\u00f6ren f\u00fchrte war schwierig und lang. Niemand unter den Verantwortlichen zweifelte daran, dass unsere W\u00fcnsche berechtigt und angebracht sind. Bedenken verschiedenster Art mussten jedoch \u00fcberwunden, Vorbehalte gepr\u00fcft und zerstreut werden. Sind die Kosten vertretbar? Welche baulichen Ver\u00e4nderungen m\u00fcssen durchgef\u00fchrt werden? Kann eine Induktionsschleife unter den spezifischen \u00f6rtlichen Gegebenheiten \u00fcberhaupt verlegt werden?<\/span><\/p>\n<p class=\"MsoNormal\" style=\"text-align: justify;\"><span style=\"font-size: 14pt; line-height: 115%;\">Der Erzbischof von Bamberg Dr. Ludwig Schick, Domkapitular Dr. Norbert Jung, unsere beiden H\u00f6rgesch\u00e4digtenseelsorger, die Mitarbeiter der Dombauh\u00fctte, ein Stab von Ingenieuren und Technikern und wir Betroffene, die mehrmals zur H\u00f6rprobe anr\u00fcckten \u2013 alle zogen bei diesem Projekt an einem Strang mit. Schlie\u00dflich konnte eine genau so geniale wie einfache L\u00f6sung gefunden werden. Hindernisse, die zun\u00e4chst un\u00fcberwindbar erschienen (frei stehende Kirchenb\u00e4nke ohne Sockel, rautenf\u00f6rmige Mosaiksteine als Bodenbelag, Auflagen des Denkmalschutzes&#8230;) waren mit einem Schlag beseitigt, indem die Heizungskan\u00e4le f\u00fcr die Verlegung der Kabel genutzt wurden. Als Ergebnis ist im gesamten Mittelschiff des Bamberger Domes das induktive H\u00f6ren in bester Qualit\u00e4t m\u00f6glich.<\/span><\/p>\n<p class=\"MsoNormal\" style=\"text-align: justify;\"><span style=\"font-size: 14pt; line-height: 115%;\">Die Auftraggeber d\u00fcrfen sich \u00fcber deutlich geringere Kosten als \u201ebef\u00fcrchtet\u201c freuen. Zudem sch\u00fcttete die vom Dombauh\u00fctten-Chef Ulrich F\u00f6rst ins Leben gerufene \u201eStiftung Domstadt Bamberg\u201c 1000 Euro Zuschuss zu den Kosten f\u00fcr die induktive H\u00f6ranlage aus.<\/span><\/p>\n<p class=\"MsoNormal\" style=\"text-align: justify;\"><span style=\"font-size: 14pt; line-height: 115%;\">Die M\u00f6glichkeit zum induktiven H\u00f6ren ist das sch\u00f6nste Geschenk, mit dem der Bamberger Dom die schwerh\u00f6rigen Besucher p\u00fcnktlich zum 1000-j\u00e4hrigen Domjubil\u00e4um empf\u00e4ngt. <\/span><\/p>\n<p>&nbsp;<\/p>\n<p><span style=\"font-size: 14pt;\"><img decoding=\"async\" src=\"wp-includes\/images\/bilder\/eigene\/Induktion_Dom\/img_9513.jpg\" alt=\"\" border=\"0\" \/><\/span><\/p>\n<address><span style=\"font-family: Arial; font-size: x-small;\">Erzbischof Dr. Ludwig Schick und Margit Gamberoni bringen im Eingangsbereich des Domes den Hinweisschild &#8222;Induktive H\u00f6ranlage&#8220; an<\/span><\/address>\n<p><span style=\"font-size: 14pt;\"> <\/span><\/p>\n<p><span style=\"font-size: 14pt;\"><img decoding=\"async\" src=\"wp-includes\/images\/bilder\/eigene\/Induktion_Dom\/verlegung induktion dom jan 2012 012.jpg\" alt=\"\" border=\"0\" \/><\/span><\/p>\n<address><span style=\"font-family: Arial; font-size: x-small;\">Die H\u00f6rgesch\u00e4digtenseelsorger Pater Gerhard F\u00f6rtsch und Albin Zeck begutachten den Stand der Verlegung der induktiven H\u00f6ranlage<\/span><\/address>\n","protected":false},"excerpt":{"rendered":"<p>Wir geH\u00f6ren jetzt im Bamberger Dom auch dazu H\u00f6rger\u00e4te- und Cochlea Implantat Tr\u00e4ger k\u00f6nnen von nun an Gottesdienste im Bamberger Dom mit induktiver H\u00f6ranlage besser verfolgen Bei den Gottesdiensten im Bamberger Dom k\u00f6rperlich zwar anwesend, aber akustisch vom Geschehen ausgeschlossen zu sein war bis jetzt die schmerzliche Erfahrung der h\u00f6rgesch\u00e4digten Gottesdienstbesucher in der Bamberger Kathedrale. Diese Situation wollten die Mitglieder der Selbsthilfegruppe f\u00fcr Schwerh\u00f6rige und Cochlea Implantat Tr\u00e4ger OhrRing, Bamberg nicht mehr klaglos hinnehmen. Unter Federf\u00fchrung von Gruppensprecherin Margit Gamberoni formierte sich eine Initiative mit dem Ziel, die Verantwortlichen im Erzbistum Bamberg \u00fcber die Bed\u00fcrfnisse von schwerh\u00f6rigen Gl\u00e4ubigen aufzukl\u00e4ren, die\u2026<\/p>\n<p> <a class=\"continue-reading-link\" href=\"https:\/\/schwerhoerige-bamberg.de\/?page_id=96\"><span>weiterlesen &#8230;<\/span><i class=\"crycon-right-dir\"><\/i><\/a> <\/p>\n","protected":false},"author":2,"featured_media":0,"parent":0,"menu_order":0,"comment_status":"closed","ping_status":"closed","template":"","meta":{"footnotes":""},"class_list":["post-96","page","type-page","status-publish","hentry"],"_links":{"self":[{"href":"https:\/\/schwerhoerige-bamberg.de\/index.php?rest_route=\/wp\/v2\/pages\/96","targetHints":{"allow":["GET"]}}],"collection":[{"href":"https:\/\/schwerhoerige-bamberg.de\/index.php?rest_route=\/wp\/v2\/pages"}],"about":[{"href":"https:\/\/schwerhoerige-bamberg.de\/index.php?rest_route=\/wp\/v2\/types\/page"}],"author":[{"embeddable":true,"href":"https:\/\/schwerhoerige-bamberg.de\/index.php?rest_route=\/wp\/v2\/users\/2"}],"replies":[{"embeddable":true,"href":"https:\/\/schwerhoerige-bamberg.de\/index.php?rest_route=%2Fwp%2Fv2%2Fcomments&post=96"}],"version-history":[{"count":2,"href":"https:\/\/schwerhoerige-bamberg.de\/index.php?rest_route=\/wp\/v2\/pages\/96\/revisions"}],"predecessor-version":[{"id":100,"href":"https:\/\/schwerhoerige-bamberg.de\/index.php?rest_route=\/wp\/v2\/pages\/96\/revisions\/100"}],"wp:attachment":[{"href":"https:\/\/schwerhoerige-bamberg.de\/index.php?rest_route=%2Fwp%2Fv2%2Fmedia&parent=96"}],"curies":[{"name":"wp","href":"https:\/\/api.w.org\/{rel}","templated":true}]}}